{"id":616,"date":"2023-09-26T19:55:18","date_gmt":"2023-09-26T19:55:18","guid":{"rendered":"https:\/\/trujetprint.pl\/?post_type=product&#038;p=616"},"modified":"2024-05-20T14:56:06","modified_gmt":"2024-05-20T14:56:06","slug":"proszek-klej-do-druku-dtf","status":"publish","type":"product","link":"https:\/\/trujetprint.pl\/en\/produkt\/proszek-klej-do-druku-dtf\/","title":{"rendered":"Proszek-klej do druku DTF"},"content":{"rendered":"<p><span style=\"font-weight: 400;\">W tym miejscu przygotowali\u015bmy dla Ciebie proszki do druku w technologii DTF. Pe\u0142ni\u0105 one wa\u017cn\u0105 rol\u0119 w ca\u0142ym procesie. Od ich jako\u015bci i poprawnego zastosowania zale\u017cy to, jakiej jako\u015bci b\u0119dzie nadruk oraz jak d\u0142ugo utrzyma si\u0119 on na materiale. Oferowany przez nas produkt przeznaczony jest do u\u017cytku profesjonalnego w zak\u0142adach poligraficznych i spe\u0142nia najwy\u017csze rynkowe standardy.\u00a0<\/span><\/p>\n<h2><span style=\"font-weight: 400;\">Do czego s\u0142u\u017cy proszek DTF?<\/span><\/h2>\n<p><span style=\"font-weight: 400;\">Proszek do druku DTF pe\u0142ni bardzo wa\u017cn\u0105 rol\u0119 w ca\u0142ym procesie. To materia\u0142 eksploatacyjny, kt\u00f3ry wykorzystywany jest w urz\u0105dzeniach oferuj\u0105cych technologi\u0119 druku DTF. Proszek pe\u0142ni rol\u0119 elastycznego kleju, kt\u00f3ry pod wp\u0142ywem temperatury topi si\u0119 i wnika bezpo\u015brednio we w\u0142\u00f3kna tkaniny, na kt\u00f3r\u0105 transferowany jest nadruk. Dzi\u0119ki temu zapewnia dobre przekazanie barw oraz ich trwa\u0142o\u015b\u0107 i intensywno\u015b\u0107. Dobrej jako\u015bci proszek do DTF powinien bez problemu wch\u0142ania\u0107 si\u0119 w takie materia\u0142y, jak m.in.: bawe\u0142na, poliester czy te\u017c tkaniny mieszane.\u00a0<\/span><\/p>\n<h2><span style=\"font-weight: 400;\">Charakterystyka oferowanego produktu\u00a0<\/span><\/h2>\n<p><span style=\"font-weight: 400;\">W trosce o potrzeby naszych klient\u00f3w przygotowali\u015bmy wysokiej jako\u015bci proszek-klej do druku DTF. To drobnoziarnisty proszek, kt\u00f3ry ma bardzo dobre w\u0142a\u015bciwo\u015bci. Jest elastyczny i mi\u0119kki w dotyku, co wp\u0142ywa na ko\u0144cow\u0105 jako\u015b\u0107 odzie\u017cy z nadrukiem. Produkt ten dobrze wch\u0142ania si\u0119 w materia\u0142 i gwarantuje bardzo dobr\u0105 stabilno\u015b\u0107 koloru. Przeznaczony jest dla profesjonalist\u00f3w, kt\u00f3rzy na co dzie\u0144 specjalizuj\u0105 si\u0119 w nadrukach na r\u00f3\u017cnego rodzaju ubraniach i tekstyliach, w tym m.in. na odzie\u017cy sportowej i reklamowej.\u00a0<\/span><\/p>\n<h2><span style=\"font-weight: 400;\">Zapraszamy do kontaktu\u00a0<\/span><\/h2>\n<p><span style=\"font-weight: 400;\">Zale\u017cy Ci na zachowaniu wysokiej wydajno\u015bci druku w technologii DTF i jednoczesnej optymalizacji koszt\u00f3w utrzymania firmy? Zach\u0119camy do skorzystania z naszej oferty. Proponujemy wysokiej jako\u015bci <a href=\"https:\/\/trujetprint.pl\/materialy-eksploatacyjne\/\"><span style=\"text-decoration: underline;\">materia\u0142y eksploatacyjne<\/span><\/a> w atrakcyjnych cenach. Przeznaczone s\u0105 do u\u017cytku w zak\u0142adach poligraficznych. Nasz ekspert pomo\u017ce Ci w doborze odpowiednich produkt\u00f3w oraz przedstawi ich potencja\u0142. Zapraszamy do kontaktu.\u00a0<\/span><\/p>\n","protected":false},"excerpt":{"rendered":"<p class=\"font_8 wixui-rich-text__text\"><span class=\"wixui-rich-text__text\">Proszki DTF<\/span> s\u0105 specjalnie zaprojektowane do u\u017cytku z drukiem DTF. Proszek dzia\u0142a jak elastyczny klej, kt\u00f3ry po podgrzaniu topi si\u0119 i wnika we w\u0142\u00f3kna tkaniny. <span class=\"wixGuard wixui-rich-text__text\">\u200b<\/span>Jest elastyczny i mi\u0119kki w dotyku. Doskona\u0142a przyczepno\u015b\u0107 do poliestru, bawe\u0142ny, tkanin mieszanych.<\/p>\n","protected":false},"featured_media":617,"comment_status":"open","ping_status":"closed","template":"","meta":[],"product_cat":[38],"product_tag":[],"class_list":{"0":"post-616","1":"product","2":"type-product","3":"status-publish","4":"has-post-thumbnail","6":"product_cat-proszek-klej-do-druku-dtf","8":"first","9":"instock","10":"taxable","11":"shipping-taxable","12":"purchasable","13":"product-type-simple"},"acf":[],"yoast_head":"<!-- This site is optimized with the Yoast SEO plugin v22.4 - https:\/\/yoast.com\/wordpress\/plugins\/seo\/ -->\n<title>Proszek-klej do druku DTF | PM TEX POLAND<\/title>\n<meta name=\"description\" content=\"Proszek-klej do druku DTF - Proszki DTF s\u0105 specjalnie zaprojektowane do u\u017cytku z drukiem DTF. Proszek dzia\u0142a jak elastyczny klej, kt\u00f3ry po podgrzaniu topi si\u0119 i wnika we w\u0142\u00f3kna tkaniny. \u200bJest elastyczny i mi\u0119kki w dotyku. Doskona\u0142a przyczepno\u015b\u0107 do poliestru, bawe\u0142ny, tkanin mieszanych.\" \/>\n<meta name=\"robots\" content=\"index, follow, max-snippet:-1, max-image-preview:large, max-video-preview:-1\" \/>\n<link rel=\"canonical\" href=\"https:\/\/trujetprint.pl\/produkt\/proszek-klej-do-druku-dtf\/\" \/>\n<meta property=\"og:locale\" content=\"en_US\" \/>\n<meta property=\"og:type\" content=\"article\" \/>\n<meta property=\"og:title\" content=\"Proszek-klej do druku DTF | PM TEX POLAND\" \/>\n<meta property=\"og:description\" content=\"Proszek-klej do druku DTF - Proszki DTF s\u0105 specjalnie zaprojektowane do u\u017cytku z drukiem DTF. Proszek dzia\u0142a jak elastyczny klej, kt\u00f3ry po podgrzaniu topi si\u0119 i wnika we w\u0142\u00f3kna tkaniny. \u200bJest elastyczny i mi\u0119kki w dotyku. Doskona\u0142a przyczepno\u015b\u0107 do poliestru, bawe\u0142ny, tkanin mieszanych.\" \/>\n<meta property=\"og:url\" content=\"https:\/\/trujetprint.pl\/produkt\/proszek-klej-do-druku-dtf\/\" \/>\n<meta property=\"og:site_name\" content=\"PM TEX POLAND\" \/>\n<meta property=\"article:publisher\" content=\"https:\/\/www.facebook.com\/profile.php?id=100095470720836\" \/>\n<meta property=\"article:modified_time\" content=\"2024-05-20T14:56:06+00:00\" \/>\n<meta property=\"og:image\" content=\"https:\/\/trujetprint.pl\/wp-content\/uploads\/2023\/09\/poliuretan_transfer_tozu_80-200_mikron-1.jpg\" \/>\n\t<meta property=\"og:image:width\" content=\"1500\" \/>\n\t<meta property=\"og:image:height\" content=\"1530\" \/>\n\t<meta property=\"og:image:type\" content=\"image\/jpeg\" \/>\n<meta name=\"twitter:card\" content=\"summary_large_image\" \/>\n<!-- \/ Yoast SEO plugin. -->","yoast_head_json":{"title":"Proszek-klej do druku DTF | PM TEX POLAND","description":"Proszek-klej do druku DTF - Proszki DTF s\u0105 specjalnie zaprojektowane do u\u017cytku z drukiem DTF. Proszek dzia\u0142a jak elastyczny klej, kt\u00f3ry po podgrzaniu topi si\u0119 i wnika we w\u0142\u00f3kna tkaniny. \u200bJest elastyczny i mi\u0119kki w dotyku. Doskona\u0142a przyczepno\u015b\u0107 do poliestru, bawe\u0142ny, tkanin mieszanych.","robots":{"index":"index","follow":"follow","max-snippet":"max-snippet:-1","max-image-preview":"max-image-preview:large","max-video-preview":"max-video-preview:-1"},"canonical":"https:\/\/trujetprint.pl\/produkt\/proszek-klej-do-druku-dtf\/","og_locale":"en_US","og_type":"article","og_title":"Proszek-klej do druku DTF | PM TEX POLAND","og_description":"Proszek-klej do druku DTF - Proszki DTF s\u0105 specjalnie zaprojektowane do u\u017cytku z drukiem DTF. Proszek dzia\u0142a jak elastyczny klej, kt\u00f3ry po podgrzaniu topi si\u0119 i wnika we w\u0142\u00f3kna tkaniny. \u200bJest elastyczny i mi\u0119kki w dotyku. Doskona\u0142a przyczepno\u015b\u0107 do poliestru, bawe\u0142ny, tkanin mieszanych.","og_url":"https:\/\/trujetprint.pl\/produkt\/proszek-klej-do-druku-dtf\/","og_site_name":"PM TEX POLAND","article_publisher":"https:\/\/www.facebook.com\/profile.php?id=100095470720836","article_modified_time":"2024-05-20T14:56:06+00:00","og_image":[{"width":1500,"height":1530,"url":"https:\/\/trujetprint.pl\/wp-content\/uploads\/2023\/09\/poliuretan_transfer_tozu_80-200_mikron-1.jpg","type":"image\/jpeg"}],"twitter_card":"summary_large_image","schema":{"@context":"https:\/\/schema.org","@graph":[{"@type":"WebPage","@id":"https:\/\/trujetprint.pl\/produkt\/proszek-klej-do-druku-dtf\/","url":"https:\/\/trujetprint.pl\/produkt\/proszek-klej-do-druku-dtf\/","name":"Proszek-klej do druku DTF | PM TEX POLAND","isPartOf":{"@id":"https:\/\/trujetprint.pl\/#website"},"primaryImageOfPage":{"@id":"https:\/\/trujetprint.pl\/produkt\/proszek-klej-do-druku-dtf\/#primaryimage"},"image":{"@id":"https:\/\/trujetprint.pl\/produkt\/proszek-klej-do-druku-dtf\/#primaryimage"},"thumbnailUrl":"https:\/\/trujetprint.pl\/wp-content\/uploads\/2023\/09\/poliuretan_transfer_tozu_80-200_mikron-1.jpg","datePublished":"2023-09-26T19:55:18+00:00","dateModified":"2024-05-20T14:56:06+00:00","description":"Proszek-klej do druku DTF - Proszki DTF s\u0105 specjalnie zaprojektowane do u\u017cytku z drukiem DTF. Proszek dzia\u0142a jak elastyczny klej, kt\u00f3ry po podgrzaniu topi si\u0119 i wnika we w\u0142\u00f3kna tkaniny. \u200bJest elastyczny i mi\u0119kki w dotyku. Doskona\u0142a przyczepno\u015b\u0107 do poliestru, bawe\u0142ny, tkanin mieszanych.","breadcrumb":{"@id":"https:\/\/trujetprint.pl\/produkt\/proszek-klej-do-druku-dtf\/#breadcrumb"},"inLanguage":"en-US","potentialAction":[{"@type":"ReadAction","target":["https:\/\/trujetprint.pl\/produkt\/proszek-klej-do-druku-dtf\/"]}]},{"@type":"ImageObject","inLanguage":"en-US","@id":"https:\/\/trujetprint.pl\/produkt\/proszek-klej-do-druku-dtf\/#primaryimage","url":"https:\/\/trujetprint.pl\/wp-content\/uploads\/2023\/09\/poliuretan_transfer_tozu_80-200_mikron-1.jpg","contentUrl":"https:\/\/trujetprint.pl\/wp-content\/uploads\/2023\/09\/poliuretan_transfer_tozu_80-200_mikron-1.jpg","width":1500,"height":1530,"caption":"proszek-dtf"},{"@type":"BreadcrumbList","@id":"https:\/\/trujetprint.pl\/produkt\/proszek-klej-do-druku-dtf\/#breadcrumb","itemListElement":[{"@type":"ListItem","position":1,"name":"Home","item":"https:\/\/trujetprint.pl\/en\/"},{"@type":"ListItem","position":2,"name":"Shop","item":"https:\/\/trujetprint.pl\/shop\/"},{"@type":"ListItem","position":3,"name":"Proszek-klej do druku DTF"}]},{"@type":"WebSite","@id":"https:\/\/trujetprint.pl\/#website","url":"https:\/\/trujetprint.pl\/","name":"Trujetprint.pl","description":"","publisher":{"@id":"https:\/\/trujetprint.pl\/#organization"},"potentialAction":[{"@type":"SearchAction","target":{"@type":"EntryPoint","urlTemplate":"https:\/\/trujetprint.pl\/?s={search_term_string}"},"query-input":"required name=search_term_string"}],"inLanguage":"en-US"},{"@type":"Organization","@id":"https:\/\/trujetprint.pl\/#organization","name":"Trujetprint.pl","url":"https:\/\/trujetprint.pl\/","logo":{"@type":"ImageObject","inLanguage":"en-US","@id":"https:\/\/trujetprint.pl\/#\/schema\/logo\/image\/","url":"https:\/\/trujetprint.pl\/wp-content\/uploads\/2023\/12\/TRUJET_NEW_1000\u0445205.png","contentUrl":"https:\/\/trujetprint.pl\/wp-content\/uploads\/2023\/12\/TRUJET_NEW_1000\u0445205.png","width":1000,"height":205,"caption":"Trujetprint.pl"},"image":{"@id":"https:\/\/trujetprint.pl\/#\/schema\/logo\/image\/"},"sameAs":["https:\/\/www.facebook.com\/profile.php?id=100095470720836","https:\/\/www.instagram.com\/trujetprint\/","https:\/\/www.tiktok.com\/@trujetprint","https:\/\/www.youtube.com\/channel\/UChCxfdQifhxMuNceY5r32EA?sttick=0"]}]}},"_links":{"self":[{"href":"https:\/\/trujetprint.pl\/en\/wp-json\/wp\/v2\/product\/616","targetHints":{"allow":["GET"]}}],"collection":[{"href":"https:\/\/trujetprint.pl\/en\/wp-json\/wp\/v2\/product"}],"about":[{"href":"https:\/\/trujetprint.pl\/en\/wp-json\/wp\/v2\/types\/product"}],"replies":[{"embeddable":true,"href":"https:\/\/trujetprint.pl\/en\/wp-json\/wp\/v2\/comments?post=616"}],"wp:featuredmedia":[{"embeddable":true,"href":"https:\/\/trujetprint.pl\/en\/wp-json\/wp\/v2\/media\/617"}],"wp:attachment":[{"href":"https:\/\/trujetprint.pl\/en\/wp-json\/wp\/v2\/media?parent=616"}],"wp:term":[{"taxonomy":"product_cat","embeddable":true,"href":"https:\/\/trujetprint.pl\/en\/wp-json\/wp\/v2\/product_cat?post=616"},{"taxonomy":"product_tag","embeddable":true,"href":"https:\/\/trujetprint.pl\/en\/wp-json\/wp\/v2\/product_tag?post=616"}],"curies":[{"name":"wp","href":"https:\/\/api.w.org\/{rel}","templated":true}]}}